

{"id":4029,"date":"2020-09-08T11:49:35","date_gmt":"2020-09-08T09:49:35","guid":{"rendered":"https:\/\/villamedici-giulini.it\/catalogues-collection\/liszt-and-the-erard-sound\/"},"modified":"2021-03-12T15:22:50","modified_gmt":"2021-03-12T13:22:50","slug":"liszt-and-the-erard-sound","status":"publish","type":"page","link":"https:\/\/www.villamedici-giulini.it\/en\/catalogues-collection\/liszt-and-the-erard-sound\/","title":{"rendered":"Liszt and the \u00c9rard sound"},"content":{"rendered":"\t\t<div data-elementor-type=\"wp-page\" data-elementor-id=\"4029\" class=\"elementor elementor-4029 elementor-1387\" data-elementor-post-type=\"page\">\n\t\t\t\t\t\t<section class=\"has_eae_slider elementor-section elementor-top-section elementor-element elementor-element-45c78e28 elementor-section-boxed elementor-section-height-default elementor-section-height-default\" data-eae-slider=\"10421\" data-id=\"45c78e28\" data-element_type=\"section\" data-e-type=\"section\">\n\t\t\t\t\t\t<div class=\"elementor-container elementor-column-gap-extended\">\n\t\t\t\t\t<div class=\"has_eae_slider elementor-column elementor-col-100 elementor-top-column elementor-element elementor-element-258245a0\" data-eae-slider=\"80975\" data-id=\"258245a0\" data-element_type=\"column\" data-e-type=\"column\">\n\t\t\t<div class=\"elementor-widget-wrap elementor-element-populated\">\n\t\t\t\t\t\t<div class=\"elementor-element elementor-element-2d7de2a6 elementor-widget elementor-widget-heading\" data-id=\"2d7de2a6\" data-element_type=\"widget\" data-e-type=\"widget\" data-widget_type=\"heading.default\">\n\t\t\t\t<div class=\"elementor-widget-container\">\n\t\t\t\t\t<h1 class=\"elementor-heading-title elementor-size-default\">Liszt and the \u00c9rard sound<\/h1>\t\t\t\t<\/div>\n\t\t\t\t<\/div>\n\t\t\t\t<div class=\"elementor-element elementor-element-3c322d5e elementor-widget elementor-widget-image\" data-id=\"3c322d5e\" data-element_type=\"widget\" data-e-type=\"widget\" data-widget_type=\"image.default\">\n\t\t\t\t<div class=\"elementor-widget-container\">\n\t\t\t\t\t\t\t\t\t\t\t\t\t\t\t<img decoding=\"async\" width=\"402\" height=\"18\" src=\"https:\/\/www.villamedici-giulini.it\/wp-content\/uploads\/2019\/06\/villa_separatore-02.png\" class=\"attachment-large size-large wp-image-977\" alt=\"\" srcset=\"https:\/\/www.villamedici-giulini.it\/wp-content\/uploads\/2019\/06\/villa_separatore-02.png 402w, https:\/\/www.villamedici-giulini.it\/wp-content\/uploads\/2019\/06\/villa_separatore-02-300x13.png 300w\" sizes=\"(max-width: 402px) 100vw, 402px\" \/>\t\t\t\t\t\t\t\t\t\t\t\t\t\t\t<\/div>\n\t\t\t\t<\/div>\n\t\t\t\t<div class=\"elementor-element elementor-element-769be6fb elementor-widget elementor-widget-heading\" data-id=\"769be6fb\" data-element_type=\"widget\" data-e-type=\"widget\" data-widget_type=\"heading.default\">\n\t\t\t\t<div class=\"elementor-widget-container\">\n\t\t\t\t\t<h2 class=\"elementor-heading-title elementor-size-default\">Art and music in Parisian Romanticism<\/h2>\t\t\t\t<\/div>\n\t\t\t\t<\/div>\n\t\t\t\t<div class=\"elementor-element elementor-element-1e8027b3 elementor-widget elementor-widget-image\" data-id=\"1e8027b3\" data-element_type=\"widget\" data-e-type=\"widget\" data-widget_type=\"image.default\">\n\t\t\t\t<div class=\"elementor-widget-container\">\n\t\t\t\t\t\t\t\t\t\t\t\t\t\t\t<img fetchpriority=\"high\" decoding=\"async\" width=\"800\" height=\"1000\" src=\"https:\/\/www.villamedici-giulini.it\/wp-content\/uploads\/2020\/03\/Liszt-e-il-suono-di-Erard-1.jpg\" class=\"attachment-full size-full wp-image-2957\" alt=\"Listz and the \u00c9rard sound\" srcset=\"https:\/\/www.villamedici-giulini.it\/wp-content\/uploads\/2020\/03\/Liszt-e-il-suono-di-Erard-1.jpg 800w, https:\/\/www.villamedici-giulini.it\/wp-content\/uploads\/2020\/03\/Liszt-e-il-suono-di-Erard-1-240x300.jpg 240w, https:\/\/www.villamedici-giulini.it\/wp-content\/uploads\/2020\/03\/Liszt-e-il-suono-di-Erard-1-768x960.jpg 768w\" sizes=\"(max-width: 800px) 100vw, 800px\" \/>\t\t\t\t\t\t\t\t\t\t\t\t\t\t\t<\/div>\n\t\t\t\t<\/div>\n\t\t\t\t<div class=\"elementor-element elementor-element-2cb54c08 elementor-widget elementor-widget-text-editor\" data-id=\"2cb54c08\" data-element_type=\"widget\" data-e-type=\"widget\" data-widget_type=\"text-editor.default\">\n\t\t\t\t<div class=\"elementor-widget-container\">\n\t\t\t\t\t\t\t\t\t<h2>Catalogues Collection<\/h2>\n<p><em><strong>Liszt and the \u00c9rard sound<\/strong><br \/>\n<\/em><em>Art and music in Parisian Romanticism<br \/>\n<\/em><em>Appendix 4 to the catalogue In search of lost sounds<br \/>\n<\/em><\/p>\n<p><strong>Authors:<\/strong> Nicolas Dufetel, Herv\u00e9 Aud\u00e9on, Laure Schnapper, C\u00e9cile Reynaud, Andrea Malvano, Marie-Paule Rambeau, Franco Lorenzo Arruga, Jean-Jacques Eigeldinger, Anna Pasetti, Malou Haine, Dagmar Droysen Reber, John Henry van der Meer, Giovanni Paolo Di Stefano<\/p>\n<p><em>Liszt and the \u00c9rard sound <\/em>has been selected by the Commissariat de l\u2019Ann\u00e9e Liszt in France and has been labelled by the logo<\/p>\n<p><em>Liszt and the \u00c9rard sound<\/em> has been rewarded in Paris by the Prix du Beau Livre, one of the prize of the Prix des Muses. The book has been published on the occasion of the bicentenary of the composer\u2019s birth. The work is edited by Nicolas Dufetel, artistic and historical director of the Ann\u00e9e Liszt 2011 in France. Dufetel describes the magical moment of Liszt&#8217;s Parisian debut. This is the fourth appendix to the catalogue <em>In search of lost sounds<\/em> and contains notes on Liszt&#8217;s Parisian period, when his relationship with the \u00c9rard family, piano manufacturers, began and developed for more than fifty years of the musician life. French writers and Italian authors alternate describing Liszt&#8217;s journey in Italy where he found musical inspiration. The book also underlines the relationship with Chopin and the memorable comparison by Jean-Jacques Eigeldinger about a piece written by both composers. Presenting a new image of Liszt, the young genius who, at the apex of his fame was part of the Universal Exposition Jury in 1878, as Malou Haine writes in his essay. The pages of Marie-Paule Rambeau tell the day to day life of Liszt in Paris. The pages of C\u00e9cile Reynaud, Herv\u00e9 Aud\u00e9on and Laure Schnapper suggest the world that surround the \u00c9rard family and their well-known concert halls. Anna Pasetti writes an essay on importance of the harp in Liszt composing. Andrea Malvano e Franco Lorenzo Arruga frame the \u00c9rard family and Liszt life during the composer Italian period. The volume finishes with the describing sheets of pianos and harps manufactured by the \u00c9rards , for a total of seven instruments. The sheet are written by Dagmar Droysen-Reber, Anna Pasetti, John Henry van der Meer and Giovanni Paolo Di Stefano. The publication includes 2 CD&#8217;s with tracks that show the change of the \u00c9rard sound in Liszt compositions, from the first to the last ones, both in chamber and soloist performances.<\/p>\n<h2>Reservation and purchase<\/h2>\n<p><em>Liszt and the \u00c9rard sound <\/em>was published by Villa Medici Giulini S.r.l. in 2011.<br \/>\nTo buy a copy please fill in the request form.<br \/>\n<strong>The book is trilingual:<\/strong> Italian, French and English.<br \/>\nDimensions (mm) 240 x 300, 352 colour pages, 2 CDs included, price \u20ac 95<br \/>\nISBN: 978-88-95325-07-1<\/p>\n\t\t\t\t\t\t\t\t<\/div>\n\t\t\t\t<\/div>\n\t\t\t\t\t<\/div>\n\t\t<\/div>\n\t\t\t\t\t<\/div>\n\t\t<\/section>\n\t\t\t\t<section class=\"has_eae_slider elementor-section elementor-top-section elementor-element elementor-element-2d4db304 elementor-section-boxed elementor-section-height-default elementor-section-height-default elementor-invisible\" data-eae-slider=\"67653\" data-id=\"2d4db304\" data-element_type=\"section\" data-e-type=\"section\" data-settings=\"{&quot;animation&quot;:&quot;fadeIn&quot;}\">\n\t\t\t\t\t\t<div class=\"elementor-container elementor-column-gap-default\">\n\t\t\t\t\t<div class=\"has_eae_slider elementor-column elementor-col-100 elementor-top-column elementor-element elementor-element-3a3e06a4\" data-eae-slider=\"37337\" data-id=\"3a3e06a4\" data-element_type=\"column\" data-e-type=\"column\">\n\t\t\t<div class=\"elementor-widget-wrap elementor-element-populated\">\n\t\t\t\t\t\t<div class=\"elementor-element elementor-element-5f94a46d elementor-widget elementor-widget-gallery\" data-id=\"5f94a46d\" data-element_type=\"widget\" data-e-type=\"widget\" data-settings=\"{&quot;gallery_layout&quot;:&quot;masonry&quot;,&quot;overlay_description&quot;:&quot;caption&quot;,&quot;image_hover_animation&quot;:&quot;grow&quot;,&quot;lazyload&quot;:&quot;yes&quot;,&quot;columns&quot;:4,&quot;columns_tablet&quot;:2,&quot;columns_mobile&quot;:1,&quot;gap&quot;:{&quot;unit&quot;:&quot;px&quot;,&quot;size&quot;:10,&quot;sizes&quot;:[]},&quot;gap_tablet&quot;:{&quot;unit&quot;:&quot;px&quot;,&quot;size&quot;:10,&quot;sizes&quot;:[]},&quot;gap_mobile&quot;:{&quot;unit&quot;:&quot;px&quot;,&quot;size&quot;:10,&quot;sizes&quot;:[]},&quot;link_to&quot;:&quot;file&quot;,&quot;overlay_background&quot;:&quot;yes&quot;,&quot;content_hover_animation&quot;:&quot;fade-in&quot;}\" data-widget_type=\"gallery.default\">\n\t\t\t\t<div class=\"elementor-widget-container\">\n\t\t\t\t\t\t\t<div class=\"elementor-gallery__container\">\n\t\t\t\t\t\t\t<a class=\"e-gallery-item elementor-gallery-item elementor-animated-content\" href=\"https:\/\/www.villamedici-giulini.it\/wp-content\/uploads\/2020\/03\/Liszt-e-il-suono-di-Erard-1.jpg\" data-elementor-open-lightbox=\"yes\" data-elementor-lightbox-slideshow=\"5f94a46d\" data-elementor-lightbox-title=\"Listz-and-the-\u00c9rard-sound\" data-e-action-hash=\"#elementor-action%3Aaction%3Dlightbox%26settings%3DeyJpZCI6Mjk1NywidXJsIjoiaHR0cHM6XC9cL3d3dy52aWxsYW1lZGljaS1naXVsaW5pLml0XC93cC1jb250ZW50XC91cGxvYWRzXC8yMDIwXC8wM1wvTGlzenQtZS1pbC1zdW9uby1kaS1FcmFyZC0xLmpwZyIsInNsaWRlc2hvdyI6IjVmOTRhNDZkIn0%3D\">\n\t\t\t\t\t<div class=\"e-gallery-image elementor-gallery-item__image\" data-thumbnail=\"https:\/\/www.villamedici-giulini.it\/wp-content\/uploads\/2020\/03\/Liszt-e-il-suono-di-Erard-1-240x300.jpg\" data-width=\"240\" data-height=\"300\" aria-label=\"Listz and the \u00c9rard sound\" role=\"img\" ><\/div>\n\t\t\t\t\t\t\t\t\t\t\t<div class=\"elementor-gallery-item__overlay\"><\/div>\n\t\t\t\t\t\t\t\t\t\t\t\t\t\t\t<div class=\"elementor-gallery-item__content\">\n\t\t\t\t\t\t\t\t\t\t\t\t\t\t<div class=\"elementor-gallery-item__description\">\n\t\t\t\t\t\t\t\t\t\t\t\t\t\t\t\t\t\tListz and the \u00c9rard sound\t\t\t\t\t\t\t\t<\/div>\n\t\t\t\t\t\t\t\t\t\t\t\t<\/div>\n\t\t\t\t\t\t\t\t\t<\/a>\n\t\t\t\t\t\t\t<a class=\"e-gallery-item elementor-gallery-item elementor-animated-content\" href=\"https:\/\/www.villamedici-giulini.it\/wp-content\/uploads\/2020\/03\/Liszt-e-il-suono-di-Erard-pianoforti-Erard-voce-flauto-violoncello-harmonium-CD1.jpg\" data-elementor-open-lightbox=\"yes\" data-elementor-lightbox-slideshow=\"5f94a46d\" data-elementor-lightbox-title=\"Listz-and-the-\u00c9rard-sound-Pianos-Erard-voice-flute-cello-harmonium-CD1\" data-e-action-hash=\"#elementor-action%3Aaction%3Dlightbox%26settings%3DeyJpZCI6Mjk5MCwidXJsIjoiaHR0cHM6XC9cL3d3dy52aWxsYW1lZGljaS1naXVsaW5pLml0XC93cC1jb250ZW50XC91cGxvYWRzXC8yMDIwXC8wM1wvTGlzenQtZS1pbC1zdW9uby1kaS1FcmFyZC1waWFub2ZvcnRpLUVyYXJkLXZvY2UtZmxhdXRvLXZpb2xvbmNlbGxvLWhhcm1vbml1bS1DRDEuanBnIiwic2xpZGVzaG93IjoiNWY5NGE0NmQifQ%3D%3D\">\n\t\t\t\t\t<div class=\"e-gallery-image elementor-gallery-item__image\" data-thumbnail=\"https:\/\/www.villamedici-giulini.it\/wp-content\/uploads\/2020\/03\/Liszt-e-il-suono-di-Erard-pianoforti-Erard-voce-flauto-violoncello-harmonium-CD1-291x300.jpg\" data-width=\"291\" data-height=\"300\" aria-label=\"Listz and the \u00c9rard sound Pianos Erard voice flute cello harmonium CD1\" role=\"img\" ><\/div>\n\t\t\t\t\t\t\t\t\t\t\t<div class=\"elementor-gallery-item__overlay\"><\/div>\n\t\t\t\t\t\t\t\t\t\t\t\t\t\t\t<div class=\"elementor-gallery-item__content\">\n\t\t\t\t\t\t\t\t\t\t\t\t\t\t<div class=\"elementor-gallery-item__description\">\n\t\t\t\t\t\t\t\t\t\t\t\t\t\t\t\t\t\tListz and the \u00c9rard sound Pianos Erard voice flute cello harmonium CD1\t\t\t\t\t\t\t\t<\/div>\n\t\t\t\t\t\t\t\t\t\t\t\t<\/div>\n\t\t\t\t\t\t\t\t\t<\/a>\n\t\t\t\t\t\t\t<a class=\"e-gallery-item elementor-gallery-item elementor-animated-content\" href=\"https:\/\/www.villamedici-giulini.it\/wp-content\/uploads\/2020\/03\/Liszt-e-il-suono-di-Erard-arpe-Erard-voce-violino-violoncello-1130-CD2-Liszt.jpg\" data-elementor-open-lightbox=\"yes\" data-elementor-lightbox-slideshow=\"5f94a46d\" data-elementor-lightbox-title=\"Listz and the \u00c9rard sound Harps - Erard - voice - flute - cello - harmonium CD2\" data-e-action-hash=\"#elementor-action%3Aaction%3Dlightbox%26settings%3DeyJpZCI6Mjk4OCwidXJsIjoiaHR0cHM6XC9cL3d3dy52aWxsYW1lZGljaS1naXVsaW5pLml0XC93cC1jb250ZW50XC91cGxvYWRzXC8yMDIwXC8wM1wvTGlzenQtZS1pbC1zdW9uby1kaS1FcmFyZC1hcnBlLUVyYXJkLXZvY2UtdmlvbGluby12aW9sb25jZWxsby0xMTMwLUNEMi1MaXN6dC5qcGciLCJzbGlkZXNob3ciOiI1Zjk0YTQ2ZCJ9\">\n\t\t\t\t\t<div class=\"e-gallery-image elementor-gallery-item__image\" data-thumbnail=\"https:\/\/www.villamedici-giulini.it\/wp-content\/uploads\/2020\/03\/Liszt-e-il-suono-di-Erard-arpe-Erard-voce-violino-violoncello-1130-CD2-Liszt-300x300.jpg\" data-width=\"300\" data-height=\"300\" aria-label=\"Listz and the \u00c9rard sound Pianos Erard voice flute cello harmonium CD1\" role=\"img\" ><\/div>\n\t\t\t\t\t\t\t\t\t\t\t<div class=\"elementor-gallery-item__overlay\"><\/div>\n\t\t\t\t\t\t\t\t\t\t\t\t\t\t\t<div class=\"elementor-gallery-item__content\">\n\t\t\t\t\t\t\t\t\t\t\t\t\t\t<div class=\"elementor-gallery-item__description\">\n\t\t\t\t\t\t\t\t\t\t\t\t\t\t\t\t\t\tListz and the \u00c9rard sound Harps - Erard - voice - flute - cello - harmonium CD2\t\t\t\t\t\t\t\t<\/div>\n\t\t\t\t\t\t\t\t\t\t\t\t<\/div>\n\t\t\t\t\t\t\t\t\t<\/a>\n\t\t\t\t\t\t\t<a class=\"e-gallery-item elementor-gallery-item elementor-animated-content\" href=\"https:\/\/www.villamedici-giulini.it\/wp-content\/uploads\/2020\/03\/Logo-Liszt.jpg\" data-elementor-open-lightbox=\"yes\" data-elementor-lightbox-slideshow=\"5f94a46d\" data-elementor-lightbox-title=\"Logo-Liszt\" data-e-action-hash=\"#elementor-action%3Aaction%3Dlightbox%26settings%3DeyJpZCI6Mjk5MiwidXJsIjoiaHR0cHM6XC9cL3d3dy52aWxsYW1lZGljaS1naXVsaW5pLml0XC93cC1jb250ZW50XC91cGxvYWRzXC8yMDIwXC8wM1wvTG9nby1MaXN6dC5qcGciLCJzbGlkZXNob3ciOiI1Zjk0YTQ2ZCJ9\">\n\t\t\t\t\t<div class=\"e-gallery-image elementor-gallery-item__image\" data-thumbnail=\"https:\/\/www.villamedici-giulini.it\/wp-content\/uploads\/2020\/03\/Logo-Liszt-222x300.jpg\" data-width=\"222\" data-height=\"300\" aria-label=\"Liszt\" role=\"img\" ><\/div>\n\t\t\t\t\t\t\t\t\t\t\t<div class=\"elementor-gallery-item__overlay\"><\/div>\n\t\t\t\t\t\t\t\t\t\t\t\t\t\t\t<div class=\"elementor-gallery-item__content\">\n\t\t\t\t\t\t\t\t\t\t\t\t\t\t<div class=\"elementor-gallery-item__description\">\n\t\t\t\t\t\t\t\t\t\t\t\t\t\t\t\t\t\tLiszt\t\t\t\t\t\t\t\t<\/div>\n\t\t\t\t\t\t\t\t\t\t\t\t<\/div>\n\t\t\t\t\t\t\t\t\t<\/a>\n\t\t\t\t\t<\/div>\n\t\t\t\t\t<\/div>\n\t\t\t\t<\/div>\n\t\t\t\t\t<\/div>\n\t\t<\/div>\n\t\t\t\t\t<\/div>\n\t\t<\/section>\n\t\t\t\t<section class=\"has_eae_slider elementor-section elementor-top-section elementor-element elementor-element-54f164a4 elementor-section-stretched elementor-section-boxed elementor-section-height-default elementor-section-height-default\" data-eae-slider=\"18440\" data-id=\"54f164a4\" data-element_type=\"section\" data-e-type=\"section\" data-settings=\"{&quot;stretch_section&quot;:&quot;section-stretched&quot;,&quot;background_background&quot;:&quot;gradient&quot;}\">\n\t\t\t\t\t\t<div class=\"elementor-container elementor-column-gap-default\">\n\t\t\t\t\t<div class=\"has_eae_slider elementor-column elementor-col-100 elementor-top-column elementor-element elementor-element-1fd29779\" data-eae-slider=\"4651\" data-id=\"1fd29779\" data-element_type=\"column\" data-e-type=\"column\">\n\t\t\t<div class=\"elementor-widget-wrap elementor-element-populated\">\n\t\t\t\t\t\t<div class=\"elementor-element elementor-element-7b5510bd elementor-widget elementor-widget-heading\" data-id=\"7b5510bd\" data-element_type=\"widget\" data-e-type=\"widget\" data-widget_type=\"heading.default\">\n\t\t\t\t<div class=\"elementor-widget-container\">\n\t\t\t\t\t<h2 class=\"elementor-heading-title elementor-size-default\">Purchase and Information\n<\/h2>\t\t\t\t<\/div>\n\t\t\t\t<\/div>\n\t\t\t\t<div class=\"elementor-element elementor-element-2c856fd3 elementor-button-align-start elementor-widget elementor-widget-form\" data-id=\"2c856fd3\" data-element_type=\"widget\" data-e-type=\"widget\" data-settings=\"{&quot;step_next_label&quot;:&quot;Successivo&quot;,&quot;step_previous_label&quot;:&quot;Precedente&quot;,&quot;button_width&quot;:&quot;100&quot;,&quot;step_type&quot;:&quot;number_text&quot;,&quot;step_icon_shape&quot;:&quot;circle&quot;}\" data-widget_type=\"form.default\">\n\t\t\t\t<div class=\"elementor-widget-container\">\n\t\t\t\t\t\t\t<form class=\"elementor-form\" method=\"post\" name=\"New Form\" aria-label=\"New Form\">\n\t\t\t<input type=\"hidden\" name=\"post_id\" value=\"4029\"\/>\n\t\t\t<input type=\"hidden\" name=\"form_id\" value=\"2c856fd3\"\/>\n\t\t\t<input type=\"hidden\" name=\"referer_title\" value=\"Liszt and the \u00c9rard sound - Villa Medici Giulini\" \/>\n\n\t\t\t\t\t\t\t<input type=\"hidden\" name=\"queried_id\" value=\"4029\"\/>\n\t\t\t\n\t\t\t<div class=\"elementor-form-fields-wrapper elementor-labels-above\">\n\t\t\t\t\t\t\t\t<div class=\"elementor-field-type-text elementor-field-group elementor-column elementor-field-group-name elementor-col-100 elementor-field-required elementor-mark-required\">\n\t\t\t\t\t\t\t\t\t\t\t\t\t<input size=\"1\" type=\"text\" name=\"form_fields[name]\" id=\"form-field-name\" class=\"elementor-field elementor-size-sm  elementor-field-textual\" placeholder=\"Name and surname\" required=\"required\">\n\t\t\t\t\t\t\t\t\t\t\t<\/div>\n\t\t\t\t\t\t\t\t<div class=\"elementor-field-type-tel elementor-field-group elementor-column elementor-field-group-field_de6dcee elementor-col-100 elementor-field-required elementor-mark-required\">\n\t\t\t\t\t\t\t<input size=\"1\" type=\"tel\" name=\"form_fields[field_de6dcee]\" id=\"form-field-field_de6dcee\" class=\"elementor-field elementor-size-sm  elementor-field-textual\" placeholder=\"Phone\" required=\"required\" pattern=\"[0-9()#&amp;+*-=.]+\" title=\"Only numbers and phone characters (#, -, *, etc) are accepted.\">\n\n\t\t\t\t\t\t<\/div>\n\t\t\t\t\t\t\t\t<div class=\"elementor-field-type-email elementor-field-group elementor-column elementor-field-group-email elementor-col-100 elementor-field-required elementor-mark-required\">\n\t\t\t\t\t\t\t\t\t\t\t\t\t<input size=\"1\" type=\"email\" name=\"form_fields[email]\" id=\"form-field-email\" class=\"elementor-field elementor-size-sm  elementor-field-textual\" placeholder=\"E-mail\" required=\"required\">\n\t\t\t\t\t\t\t\t\t\t\t<\/div>\n\t\t\t\t\t\t\t\t<div class=\"elementor-field-type-select elementor-field-group elementor-column elementor-field-group-field_2 elementor-col-100 elementor-field-required elementor-mark-required\">\n\t\t\t\t\t\t\t<div class=\"elementor-field elementor-select-wrapper remove-before \">\n\t\t\t<div class=\"select-caret-down-wrapper\">\n\t\t\t\t<i aria-hidden=\"true\" class=\"eicon-caret-down\"><\/i>\t\t\t<\/div>\n\t\t\t<select name=\"form_fields[field_2]\" id=\"form-field-field_2\" class=\"elementor-field-textual elementor-size-sm\" required=\"required\">\n\t\t\t\t\t\t\t\t\t<option value=\"Book Title\">Book Title<\/option>\n\t\t\t\t\t\t\t\t\t<option value=\"In search of lost sounds\">In search of lost sounds<\/option>\n\t\t\t\t\t\t\t\t\t<option value=\"Schanz the instrument of the Princes\">Schanz the instrument of the Princes<\/option>\n\t\t\t\t\t\t\t\t\t<option value=\"Waltzes from the World of Vienna\">Waltzes from the World of Vienna<\/option>\n\t\t\t\t\t\t\t\t\t<option value=\"Chopin and the Pleyel sound\">Chopin and the Pleyel sound<\/option>\n\t\t\t\t\t\t\t\t\t<option value=\"Liszt and the \u00c9rard sound\">Liszt and the \u00c9rard sound<\/option>\n\t\t\t\t\t\t\t\t\t<option value=\"Invite to art and music at Villa Medici Giulini \">Invite to art and music at Villa Medici Giulini <\/option>\n\t\t\t\t\t\t\t<\/select>\n\t\t<\/div>\n\t\t\t\t\t\t<\/div>\n\t\t\t\t\t\t\t\t<div class=\"elementor-field-type-textarea elementor-field-group elementor-column elementor-field-group-message elementor-col-100 elementor-field-required elementor-mark-required\">\n\t\t\t\t\t<textarea class=\"elementor-field-textual elementor-field  elementor-size-sm\" name=\"form_fields[message]\" id=\"form-field-message\" rows=\"4\" placeholder=\"Message\" required=\"required\"><\/textarea>\t\t\t\t<\/div>\n\t\t\t\t\t\t\t\t<div class=\"elementor-field-type-acceptance elementor-field-group elementor-column elementor-field-group-field_25106a3 elementor-col-100 elementor-field-required elementor-mark-required\">\n\t\t\t\t\t\t\t<div class=\"elementor-field-subgroup\">\n\t\t\t<span class=\"elementor-field-option\">\n\t\t\t\t<input type=\"checkbox\" name=\"form_fields[field_25106a3]\" id=\"form-field-field_25106a3\" class=\"elementor-field elementor-size-sm  elementor-acceptance-field\" required=\"required\">\n\t\t\t\t<label for=\"form-field-field_25106a3\">I accept the <a href=\"\/?page_id=3\" target=\"_blank\" rel=\"noopener noreferrer\">privacy policy<\/a>which I have read<\/label>\t\t\t<\/span>\n\t\t<\/div>\n\t\t\t\t\t\t<\/div>\n\t\t\t\t\t\t\t\t<div class=\"elementor-field-group elementor-column elementor-field-type-submit elementor-col-100 e-form__buttons\">\n\t\t\t\t\t<button class=\"elementor-button elementor-size-sm\" type=\"submit\">\n\t\t\t\t\t\t<span class=\"elementor-button-content-wrapper\">\n\t\t\t\t\t\t\t\t\t\t\t\t\t\t\t\t\t\t\t\t\t\t<span class=\"elementor-button-text\">Send message<\/span>\n\t\t\t\t\t\t\t\t\t\t\t\t\t<\/span>\n\t\t\t\t\t<\/button>\n\t\t\t\t<\/div>\n\t\t\t<\/div>\n\t\t<\/form>\n\t\t\t\t\t\t<\/div>\n\t\t\t\t<\/div>\n\t\t\t\t\t<\/div>\n\t\t<\/div>\n\t\t\t\t\t<\/div>\n\t\t<\/section>\n\t\t\t\t<\/div>\n\t\t","protected":false},"excerpt":{"rendered":"<p>Liszt and the \u00c9rard sound Art and music in Parisian Romanticism Catalogues Collection Liszt and the \u00c9rard sound Art and music in Parisian Romanticism Appendix 4 to the catalogue In search of lost sounds Authors: Nicolas Dufetel, Herv\u00e9 Aud\u00e9on, Laure Schnapper, C\u00e9cile Reynaud, Andrea Malvano, Marie-Paule Rambeau, Franco Lorenzo Arruga, Jean-Jacques Eigeldinger, Anna Pasetti, Malou [&hellip;]<\/p>\n","protected":false},"author":1,"featured_media":2957,"parent":3984,"menu_order":5,"comment_status":"closed","ping_status":"closed","template":"","meta":{"ocean_post_layout":"","ocean_both_sidebars_style":"","ocean_both_sidebars_content_width":0,"ocean_both_sidebars_sidebars_width":0,"ocean_sidebar":"0","ocean_second_sidebar":"0","ocean_disable_margins":"enable","ocean_add_body_class":"","ocean_shortcode_before_top_bar":"","ocean_shortcode_after_top_bar":"","ocean_shortcode_before_header":"","ocean_shortcode_after_header":"","ocean_has_shortcode":"","ocean_shortcode_after_title":"","ocean_shortcode_before_footer_widgets":"","ocean_shortcode_after_footer_widgets":"","ocean_shortcode_before_footer_bottom":"","ocean_shortcode_after_footer_bottom":"","ocean_display_top_bar":"default","ocean_display_header":"default","ocean_header_style":"","ocean_center_header_left_menu":"0","ocean_custom_header_template":"0","ocean_custom_logo":0,"ocean_custom_retina_logo":0,"ocean_custom_logo_max_width":0,"ocean_custom_logo_tablet_max_width":0,"ocean_custom_logo_mobile_max_width":0,"ocean_custom_logo_max_height":0,"ocean_custom_logo_tablet_max_height":0,"ocean_custom_logo_mobile_max_height":0,"ocean_header_custom_menu":"0","ocean_menu_typo_font_family":"0","ocean_menu_typo_font_subset":"","ocean_menu_typo_font_size":0,"ocean_menu_typo_font_size_tablet":0,"ocean_menu_typo_font_size_mobile":0,"ocean_menu_typo_font_size_unit":"px","ocean_menu_typo_font_weight":"","ocean_menu_typo_font_weight_tablet":"","ocean_menu_typo_font_weight_mobile":"","ocean_menu_typo_transform":"","ocean_menu_typo_transform_tablet":"","ocean_menu_typo_transform_mobile":"","ocean_menu_typo_line_height":0,"ocean_menu_typo_line_height_tablet":0,"ocean_menu_typo_line_height_mobile":0,"ocean_menu_typo_line_height_unit":"","ocean_menu_typo_spacing":0,"ocean_menu_typo_spacing_tablet":0,"ocean_menu_typo_spacing_mobile":0,"ocean_menu_typo_spacing_unit":"","ocean_menu_link_color":"","ocean_menu_link_color_hover":"","ocean_menu_link_color_active":"","ocean_menu_link_background":"","ocean_menu_link_hover_background":"","ocean_menu_link_active_background":"","ocean_menu_social_links_bg":"","ocean_menu_social_hover_links_bg":"","ocean_menu_social_links_color":"","ocean_menu_social_hover_links_color":"","ocean_disable_title":"default","ocean_disable_heading":"default","ocean_post_title":"","ocean_post_subheading":"","ocean_post_title_style":"","ocean_post_title_background_color":"","ocean_post_title_background":0,"ocean_post_title_bg_image_position":"","ocean_post_title_bg_image_attachment":"","ocean_post_title_bg_image_repeat":"","ocean_post_title_bg_image_size":"","ocean_post_title_height":0,"ocean_post_title_bg_overlay":0.5,"ocean_post_title_bg_overlay_color":"","ocean_disable_breadcrumbs":"default","ocean_breadcrumbs_color":"","ocean_breadcrumbs_separator_color":"","ocean_breadcrumbs_links_color":"","ocean_breadcrumbs_links_hover_color":"","ocean_display_footer_widgets":"default","ocean_display_footer_bottom":"default","ocean_custom_footer_template":"0","footnotes":""},"class_list":["post-4029","page","type-page","status-publish","has-post-thumbnail","hentry","entry","has-media"],"_links":{"self":[{"href":"https:\/\/www.villamedici-giulini.it\/en\/wp-json\/wp\/v2\/pages\/4029","targetHints":{"allow":["GET"]}}],"collection":[{"href":"https:\/\/www.villamedici-giulini.it\/en\/wp-json\/wp\/v2\/pages"}],"about":[{"href":"https:\/\/www.villamedici-giulini.it\/en\/wp-json\/wp\/v2\/types\/page"}],"author":[{"embeddable":true,"href":"https:\/\/www.villamedici-giulini.it\/en\/wp-json\/wp\/v2\/users\/1"}],"replies":[{"embeddable":true,"href":"https:\/\/www.villamedici-giulini.it\/en\/wp-json\/wp\/v2\/comments?post=4029"}],"version-history":[{"count":8,"href":"https:\/\/www.villamedici-giulini.it\/en\/wp-json\/wp\/v2\/pages\/4029\/revisions"}],"predecessor-version":[{"id":5488,"href":"https:\/\/www.villamedici-giulini.it\/en\/wp-json\/wp\/v2\/pages\/4029\/revisions\/5488"}],"up":[{"embeddable":true,"href":"https:\/\/www.villamedici-giulini.it\/en\/wp-json\/wp\/v2\/pages\/3984"}],"wp:featuredmedia":[{"embeddable":true,"href":"https:\/\/www.villamedici-giulini.it\/en\/wp-json\/wp\/v2\/media\/2957"}],"wp:attachment":[{"href":"https:\/\/www.villamedici-giulini.it\/en\/wp-json\/wp\/v2\/media?parent=4029"}],"curies":[{"name":"wp","href":"https:\/\/api.w.org\/{rel}","templated":true}]}}